{"id":2592,"date":"2023-12-15T18:09:58","date_gmt":"2023-12-15T17:09:58","guid":{"rendered":"https:\/\/katleya.fr\/produit\/location-studio-martinique\/"},"modified":"2023-12-21T15:43:44","modified_gmt":"2023-12-21T14:43:44","slug":"studio-rental-in-martinique","status":"publish","type":"product","link":"https:\/\/katleya.fr\/en\/location\/studio-rental-in-martinique\/","title":{"rendered":"Studio rental in Martinique"},"content":{"rendered":"[vc_row type=\"in_container\" full_screen_row_position=\"middle\" column_margin=\"default\" column_direction=\"default\" column_direction_tablet=\"default\" column_direction_phone=\"default\" scene_position=\"center\" bottom_margin_phone=\"0\" text_color=\"dark\" text_align=\"left\" row_border_radius=\"none\" row_border_radius_applies=\"bg\" overflow=\"visible\" class=\"fancy-list\" overlay_strength=\"0.3\" gradient_direction=\"left_to_right\" shape_divider_position=\"bottom\" bg_image_animation=\"none\" gradient_type=\"default\" shape_type=\"\"][vc_column column_padding=\"no-extra-padding\" column_padding_tablet=\"inherit\" column_padding_phone=\"inherit\" column_padding_position=\"left-right\" column_element_direction_desktop=\"default\" column_element_spacing=\"default\" desktop_text_alignment=\"default\" tablet_text_alignment=\"default\" phone_text_alignment=\"default\" background_color_opacity=\"1\" background_hover_color_opacity=\"1\" column_backdrop_filter=\"none\" column_shadow=\"none\" column_border_radius=\"none\" column_link_target=\"_self\" column_position=\"default\" gradient_direction=\"left_to_right\" overlay_strength=\"0.3\" width=\"1\/12\" tablet_width_inherit=\"default\" animation_type=\"default\" bg_image_animation=\"none\" border_type=\"simple\" column_border_width=\"none\" column_border_style=\"solid\" column_padding_type=\"default\" gradient_type=\"default\"][\/vc_column][vc_column column_padding=\"no-extra-padding\" column_padding_tablet=\"inherit\" column_padding_phone=\"inherit\" column_padding_position=\"all\" bottom_margin_phone=\"0\" column_element_direction_desktop=\"default\" column_element_spacing=\"default\" desktop_text_alignment=\"default\" tablet_text_alignment=\"default\" phone_text_alignment=\"default\" background_color_opacity=\"1\" background_hover_color_opacity=\"1\" column_backdrop_filter=\"none\" column_shadow=\"none\" column_border_radius=\"none\" column_link_target=\"_self\" column_position=\"default\" gradient_direction=\"left_to_right\" overlay_strength=\"0.3\" width=\"5\/6\" tablet_width_inherit=\"default\" animation_type=\"default\" bg_image_animation=\"none\" border_type=\"simple\" column_border_width=\"none\" column_border_style=\"solid\" column_padding_type=\"default\" gradient_type=\"default\"][tabbed_section style=\"minimal\" tab_change_animation=\"fade\" alignment=\"center\" spacing=\"default\" tab_color=\"Extra-Color-2\" vs_content_animation=\"fade\" vs_link_animation=\"opacity\" vs_navigation_alignment=\"left\" vs_navigation_width_2=\"25%\" vs_navigation_func=\"default\" vs_navigation_width=\"regular\" vs_navigation_spacing=\"15px\" vs_navigation_mobile_display=\"visible\" vs_tab_spacing=\"5%\" cta_button_style=\"accent-color\" icon_size=\"24\" el_class=\"table-font\"][tab icon_family=\"none\" title=\"Description\" id=\"1703169542086-2\" tab_id=\"1703169542088-4\"][vc_row_inner column_margin=\"default\" column_direction=\"default\" column_direction_tablet=\"default\" column_direction_phone=\"default\" bottom_padding=\"2%\" text_align=\"left\" row_position=\"default\" row_position_tablet=\"inherit\" row_position_phone=\"inherit\" overflow=\"visible\" pointer_events=\"all\"][vc_column_inner column_padding=\"no-extra-padding\" column_padding_tablet=\"inherit\" column_padding_phone=\"inherit\" column_padding_position=\"all\" column_element_direction_desktop=\"default\" column_element_spacing=\"default\" desktop_text_alignment=\"default\" tablet_text_alignment=\"default\" phone_text_alignment=\"default\" background_color_opacity=\"1\" background_hover_color_opacity=\"1\" column_backdrop_filter=\"none\" column_shadow=\"none\" column_border_radius=\"none\" column_link_target=\"_self\" overflow=\"visible\" gradient_direction=\"left_to_right\" overlay_strength=\"0.3\" width=\"1\/2\" tablet_width_inherit=\"default\" animation_type=\"default\" bg_image_animation=\"none\" border_type=\"simple\" column_border_width=\"none\" column_border_style=\"solid\"][split_line_heading animation_type=\"line-reveal-by-space\" font_style=\"p\" text_color=\"#000000\" line_reveal_by_space_text_effect=\"default\" content_alignment=\"default\" mobile_content_alignment=\"inherit\" link_target=\"_self\" text_content=\"<b>Studio Katleya<\/b>\" font_size=\"26px\" font_line_height=\"30px\"][\/split_line_heading][\/vc_column_inner][vc_column_inner column_padding=\"no-extra-padding\" column_padding_tablet=\"inherit\" column_padding_phone=\"inherit\" column_padding_position=\"all\" column_element_direction_desktop=\"default\" column_element_spacing=\"default\" desktop_text_alignment=\"default\" tablet_text_alignment=\"default\" phone_text_alignment=\"default\" background_color_opacity=\"1\" background_hover_color_opacity=\"1\" column_backdrop_filter=\"none\" column_shadow=\"none\" column_border_radius=\"none\" column_link_target=\"_self\" overflow=\"visible\" gradient_direction=\"left_to_right\" overlay_strength=\"0.3\" width=\"1\/2\" tablet_width_inherit=\"default\" animation_type=\"default\" bg_image_animation=\"none\" border_type=\"simple\" column_border_width=\"none\" column_border_style=\"solid\"][split_line_heading animation_type=\"line-reveal-by-space\" font_style=\"p\" text_color=\"#000000\" line_reveal_by_space_text_effect=\"default\" content_alignment=\"default\" mobile_content_alignment=\"inherit\" link_target=\"_self\" text_content=\"<b>Activities<\/b>\" font_size=\"26px\" font_line_height=\"30px\"][\/split_line_heading][\/vc_column_inner][\/vc_row_inner][vc_row_inner column_margin=\"default\" column_direction=\"default\" column_direction_tablet=\"default\" column_direction_phone=\"default\" bottom_padding_phone=\"0\" text_align=\"left\" row_position=\"default\" row_position_tablet=\"inherit\" row_position_phone=\"inherit\" overflow=\"visible\" pointer_events=\"all\"][vc_column_inner column_padding=\"no-extra-padding\" column_padding_tablet=\"inherit\" column_padding_phone=\"inherit\" column_padding_position=\"all\" column_element_direction_desktop=\"default\" column_element_spacing=\"default\" desktop_text_alignment=\"default\" tablet_text_alignment=\"default\" phone_text_alignment=\"default\" background_color_opacity=\"1\" background_hover_color_opacity=\"1\" column_backdrop_filter=\"none\" column_shadow=\"none\" column_border_radius=\"none\" column_link_target=\"_self\" overflow=\"visible\" gradient_direction=\"left_to_right\" overlay_strength=\"0.3\" width=\"1\/4\" tablet_width_inherit=\"default\" animation_type=\"default\" bg_image_animation=\"none\" border_type=\"simple\" column_border_width=\"none\" column_border_style=\"solid\"][vc_column_text]&gt; Piscine priv\u00e9e trait\u00e9e au sel<\/p>\n<p>&gt; Jardin tropical<\/p>\n<p>&gt; 3 grandes chambres climatis\u00e9es<\/p>\n<p>&gt; Dont 1 suite parentale avec baignoire baln\u00e9o[\/vc_column_text][\/vc_column_inner][vc_column_inner column_padding=\"padding-5-percent\" column_padding_tablet=\"no-extra-padding\" column_padding_phone=\"no-extra-padding\" column_padding_position=\"left\" column_element_direction_desktop=\"default\" column_element_spacing=\"default\" desktop_text_alignment=\"default\" tablet_text_alignment=\"default\" phone_text_alignment=\"default\" background_color_opacity=\"1\" background_hover_color_opacity=\"1\" column_backdrop_filter=\"none\" column_shadow=\"none\" column_border_radius=\"none\" column_link_target=\"_self\" overflow=\"visible\" gradient_direction=\"left_to_right\" overlay_strength=\"0.3\" width=\"1\/4\" tablet_width_inherit=\"default\" animation_type=\"default\" bg_image_animation=\"none\" border_type=\"simple\" column_border_width=\"none\" column_border_style=\"solid\" column_padding_type=\"default\" gradient_type=\"default\"][vc_column_text]&gt; Salon d\u2019ext\u00e9rieur<\/p>\n<p>&gt; Barbecue<\/p>\n<p>&gt; Conciergerie<\/p>\n<p>&gt; Equipement[\/vc_column_text][\/vc_column_inner][vc_column_inner column_padding=\"no-extra-padding\" column_padding_tablet=\"inherit\" column_padding_phone=\"inherit\" column_padding_position=\"all\" column_element_direction_desktop=\"default\" column_element_spacing=\"40px\" desktop_text_alignment=\"center\" tablet_text_alignment=\"default\" phone_text_alignment=\"default\" background_color_opacity=\"1\" background_hover_color_opacity=\"1\" column_backdrop_filter=\"none\" column_shadow=\"none\" column_border_radius=\"none\" column_link_target=\"_self\" overflow=\"visible\" gradient_direction=\"left_to_right\" overlay_strength=\"0.3\" width=\"1\/2\" tablet_width_inherit=\"default\" animation_type=\"default\" bg_image_animation=\"none\" border_type=\"simple\" column_border_width=\"none\" column_border_style=\"solid\" column_padding_type=\"default\" gradient_type=\"default\"][nectar_global_section id=\"636\"][\/vc_column_inner][\/vc_row_inner][\/tab][tab icon_family=\"none\" title=\"Equipment\" id=\"1703169542275-4\" tab_id=\"1703169542276-9\"][vc_row_inner column_margin=\"default\" column_direction=\"default\" column_direction_tablet=\"default\" column_direction_phone=\"default\" text_align=\"left\" row_position=\"default\" row_position_tablet=\"inherit\" row_position_phone=\"inherit\" overflow=\"visible\" pointer_events=\"all\"][vc_column_inner column_padding=\"no-extra-padding\" column_padding_tablet=\"inherit\" column_padding_phone=\"inherit\" column_padding_position=\"all\" column_element_direction_desktop=\"default\" column_element_spacing=\"default\" desktop_text_alignment=\"default\" tablet_text_alignment=\"default\" phone_text_alignment=\"default\" background_color_opacity=\"1\" background_hover_color_opacity=\"1\" column_backdrop_filter=\"none\" column_shadow=\"none\" column_border_radius=\"none\" column_link_target=\"_self\" overflow=\"visible\" gradient_direction=\"left_to_right\" overlay_strength=\"0.3\" width=\"1\/6\" tablet_width_inherit=\"default\" animation_type=\"default\" bg_image_animation=\"none\" border_type=\"simple\" column_border_width=\"none\" column_border_style=\"solid\"][\/vc_column_inner][vc_column_inner column_padding=\"no-extra-padding\" column_padding_tablet=\"inherit\" column_padding_phone=\"inherit\" column_padding_position=\"all\" bottom_margin=\"12px\" bottom_margin_phone=\"0px\" column_element_direction_desktop=\"default\" column_element_spacing=\"default\" desktop_text_alignment=\"default\" tablet_text_alignment=\"default\" phone_text_alignment=\"default\" background_color_opacity=\"1\" background_hover_color_opacity=\"1\" column_backdrop_filter=\"none\" column_shadow=\"none\" column_border_radius=\"none\" column_link_target=\"_self\" overflow=\"visible\" gradient_direction=\"left_to_right\" overlay_strength=\"0.3\" width=\"1\/3\" tablet_width_inherit=\"default\" animation_type=\"default\" bg_image_animation=\"none\" border_type=\"simple\" column_border_width=\"none\" column_border_style=\"solid\" column_padding_type=\"default\" gradient_type=\"default\"][vc_column_text css_animation=\"fadeInUp\"]\n<ul style=\"font-size: 19px; line-height: 34px;\">\n<li>Chambres climatis\u00e9es<\/li>\n<li>Espace de travail d\u00e9di\u00e9<\/li>\n<li>Piscine ext\u00e9rieure<\/li>\n<li>Terrasse<\/li>\n<li>Adapt\u00e9e pour les enfants<\/li>\n<\/ul>\n[\/vc_column_text][\/vc_column_inner][vc_column_inner column_padding=\"no-extra-padding\" column_padding_tablet=\"inherit\" column_padding_phone=\"inherit\" column_padding_position=\"all\" column_element_direction_desktop=\"default\" column_element_spacing=\"default\" desktop_text_alignment=\"default\" tablet_text_alignment=\"default\" phone_text_alignment=\"default\" background_color_opacity=\"1\" background_hover_color_opacity=\"1\" column_backdrop_filter=\"none\" column_shadow=\"none\" column_border_radius=\"none\" column_link_target=\"_self\" overflow=\"visible\" gradient_direction=\"left_to_right\" overlay_strength=\"0.3\" width=\"1\/3\" tablet_width_inherit=\"default\" animation_type=\"default\" bg_image_animation=\"none\" border_type=\"simple\" column_border_width=\"none\" column_border_style=\"solid\"][vc_column_text css_animation=\"fadeInUp\"]\n<ul style=\"font-size: 19px; line-height: 34px;\">\n<li>Barbecue<\/li>\n<li>Hamac<\/li>\n<li>Espace repas en plein air<\/li>\n<li>Vue panoramique mer et montagne<\/li>\n<\/ul>\n[\/vc_column_text][\/vc_column_inner][vc_column_inner column_padding=\"no-extra-padding\" column_padding_tablet=\"inherit\" column_padding_phone=\"inherit\" column_padding_position=\"all\" column_element_direction_desktop=\"default\" column_element_spacing=\"default\" desktop_text_alignment=\"default\" tablet_text_alignment=\"default\" phone_text_alignment=\"default\" background_color_opacity=\"1\" background_hover_color_opacity=\"1\" column_backdrop_filter=\"none\" column_shadow=\"none\" column_border_radius=\"none\" column_link_target=\"_self\" overflow=\"visible\" gradient_direction=\"left_to_right\" overlay_strength=\"0.3\" width=\"1\/6\" tablet_width_inherit=\"default\" animation_type=\"default\" bg_image_animation=\"none\" border_type=\"simple\" column_border_width=\"none\" column_border_style=\"solid\"][\/vc_column_inner][\/vc_row_inner][\/tab][tab icon_family=\"none\" title=\"More information\" id=\"1703169542383-3\" tab_id=\"1703169542383-5\"][vc_column_text el_class=\"reservation-savoir-txt\"]\n<h2 style=\"color: #baa483; font-size: 20px;\">Location de villa avec piscine en Martinique : une \u00eele paradisiaque<\/h2>\n<p>Vous r\u00eavez d'une \u00e9chapp\u00e9e belle sous le soleil des Cara\u00efbes ? Ne cherchez plus ! Pour des vacances inoubliables, pensez \u00e0 la r\u00e9servation d'une villa avec piscine en Martinique. Cette \u00eele paradisiaque, dot\u00e9e de plages de sable fin et d'un riche patrimoine culturel, est l'endroit id\u00e9al pour s'\u00e9vader. Imaginez-vous, cocktail tropical \u00e0 la main, berc\u00e9 par le doux chant des aliz\u00e9s, \u00e0 contempler l'horizon o\u00f9 se m\u00ealent les eaux turquoise de la mer et le ciel azur.<\/p>\n<p>La Martinique ne se r\u00e9sume pas qu'\u00e0 ses plages dor\u00e9es, elle offre aussi des montagnes luxuriantes, des cascades cach\u00e9es et des sentiers invitant \u00e0 l'aventure. Les amateurs de plong\u00e9e seront \u00e9blouis par les tr\u00e9sors sous-marins que rec\u00e8le ses r\u00e9cifs coralliens, abritant une biodiversit\u00e9 incroyable. C\u00f4t\u00e9 gastronomie, pr\u00e9parez-vous \u00e0 une explosion de saveurs, un m\u00e9lange succulent de traditions africaines, europ\u00e9ennes et indiennes.<\/p>\n<p>Et que dire de l'accueil chaleureux des Martiniquais, toujours pr\u00eats \u00e0 partager un sourire ou une histoire ? La richesse de la culture cr\u00e9ole, les danses endiabl\u00e9es au son du tambour, les march\u00e9s color\u00e9s aux \u00e9pices enivrantes, tout contribue \u00e0 rendre votre s\u00e9jour absolument magique. N'attendez plus, la Martinique vous tend les bras pour des vacances dont vous vous souviendrez longtemps.<\/p>\n<h2 style=\"color: #baa483; font-size: 20px;\">Pourquoi opter pour la r\u00e9servation d'une maison avec piscine en Martinique ?<\/h2>\n<p>La r\u00e9ponse est simple et invite au r\u00eave. La location d'une villa priv\u00e9e vient magnifier votre s\u00e9jour. Imaginez-vous nich\u00e9 au c\u0153ur de votre propre havre de paix, profitant d'une piscine rien que pour vous. Se pr\u00e9lasser au soleil, les pieds dans l'eau, pendant que le monde ext\u00e9rieur semble dispara\u00eetre, c'est une exp\u00e9rience in\u00e9galable.<\/p>\n<p>Siroter un cocktail local au bord de l'eau, concoct\u00e9 \u00e0 partir de fruits frais cueillis le matin m\u00eame, plonger pour se rafra\u00eechir apr\u00e8s une journ\u00e9e d'exploration, ou simplement admirer le coucher du soleil, les couleurs changeantes se refl\u00e9tant dans votre piscine priv\u00e9e... le r\u00eave devient r\u00e9alit\u00e9. Une villa avec piscine, c'est aussi l'assurance d'une intimit\u00e9 pr\u00e9serv\u00e9e, loin des foules des h\u00f4tels et des complexes touristiques. C'est la libert\u00e9 de vivre \u00e0 votre rythme, de savourer chaque instant selon vos envies.<\/p>\n<h2 style=\"color: #baa483; font-size: 20px;\">Votre s\u00e9jour en villa de luxe au Vauclin<\/h2>\n<p>Le Vauclin, cette perle nich\u00e9e au c\u0153ur de la Martinique, vous accueille les bras ouverts pour un s\u00e9jour plac\u00e9 sous le signe du luxe et de l'\u00e9vasion. Membre du parc naturel r\u00e9gional de Martinique, cette commune regorge de tr\u00e9sors qui n'attendent que d'\u00eatre d\u00e9couverts. Elle est surtout c\u00e9l\u00e8bre pour ses d\u00e9licieux restaurants, la magnifique plage de Grand Macabou, la captivante Pointe Faula et l'impressionnante montagne qui surplombe la ville. Mais ce n'est pas tout. Ses plages cach\u00e9es et ses for\u00eats intimes d\u00e9tiennent d'innombrables secrets qui sauront vous envo\u00fbter.<\/p>\n<p>Imaginez-vous s\u00e9journant dans une villa luxueuse, parfaitement situ\u00e9e entre mer et montagne, vous offrant une vue imprenable sur les panoramas \u00e9poustouflants du Vauclin. Apr\u00e8s une journ\u00e9e d'exploration des fonds blancs de la Pointe Faula ou d'une randonn\u00e9e sur la plus grande montagne du sud de la Martinique, quelle meilleure mani\u00e8re de se d\u00e9tendre que dans votre propre piscine priv\u00e9e, sirotant un cocktail local ?<\/p>\n<div style=\"color: #baa483; font-size: 20px;\"><strong>R\u00e9server en toute simplicit\u00e9<\/strong><\/div>\n<p>Notre plateforme vous garantit une r\u00e9servation simple, rapide et s\u00e9curis\u00e9e. Une s\u00e9lection rigoureuse des villas est effectu\u00e9e pour vous assurer un s\u00e9jour de qualit\u00e9. La villa avec piscine Katleya est d\u00e9crite en d\u00e9tail, photos et vid\u00e9os \u00e0 l'appui, pour vous aider dans votre choix. La <strong>r\u00e9servation d'une villa avec piscine en Martinique<\/strong> est l'assurance de vacances r\u00e9ussies. Alliant d\u00e9couverte de l'\u00eele et moments de relaxation, votre s\u00e9jour en Martinique restera grav\u00e9 dans vos souvenirs. N'attendez plus, r\u00e9servez d\u00e8s maintenant votre villa de r\u00eave ![\/vc_column_text][\/tab][\/tabbed_section][\/vc_column][vc_column column_padding=\"no-extra-padding\" column_padding_tablet=\"inherit\" column_padding_phone=\"inherit\" column_padding_position=\"all\" column_element_direction_desktop=\"default\" column_element_spacing=\"default\" desktop_text_alignment=\"default\" tablet_text_alignment=\"default\" phone_text_alignment=\"default\" background_color_opacity=\"1\" background_hover_color_opacity=\"1\" column_backdrop_filter=\"none\" column_shadow=\"none\" column_border_radius=\"none\" column_link_target=\"_self\" column_position=\"default\" gradient_direction=\"left_to_right\" overlay_strength=\"0.3\" width=\"1\/12\" tablet_width_inherit=\"default\" animation_type=\"default\" bg_image_animation=\"none\" border_type=\"simple\" column_border_width=\"none\" column_border_style=\"solid\"][\/vc_column][\/vc_row]\n","protected":false},"excerpt":{"rendered":"<p>[vc_row type=\"in_container\" full_screen_row_position=\"middle\" column_margin=\"default\" column_direction=\"default\" column_direction_tablet=\"default\" column_direction_phone=\"default\" scene_position=\"center\" bottom_margin_phone=\"0\" text_color=\"dark\" text_align=\"left\" row_border_radius=\"none\" row_border_radius_applies=\"bg\" overflow=\"visible\" class=\"fancy-list\" overlay_strength=\"0.3\" gradient_direction=\"left_to_right\" shape_divider_position=\"bottom\" bg_image_animation=\"none\" gradient_type=\"default\" shape_type=\"\"][vc_column column_padding=\"no-extra-padding\" column_padding_tablet=\"inherit\" column_padding_phone=\"inherit\" column_padding_position=\"left-right\" column_element_direction_desktop=\"default\" column_element_spacing=\"default\" desktop_text_alignment=\"default\" tablet_text_alignment=\"default\" phone_text_alignment=\"default\"...<\/p>\n","protected":false},"featured_media":2565,"template":"","meta":[],"product_brand":[],"product_cat":[160],"product_tag":[],"class_list":{"0":"post-2592","1":"product","2":"type-product","3":"status-publish","4":"has-post-thumbnail","6":"product_cat-katleya-en","8":"first","9":"instock","10":"virtual","11":"purchasable","12":"product-type-simple"},"yoast_head":"<!-- This site is optimized with the Yoast SEO plugin v27.3 - https:\/\/yoast.com\/product\/yoast-seo-wordpress\/ -->\n<title>Studio rental in Martinique - katleya.fr<\/title>\n<meta name=\"robots\" content=\"index, follow, max-snippet:-1, max-image-preview:large, max-video-preview:-1\" \/>\n<link rel=\"canonical\" href=\"https:\/\/katleya.fr\/location\/location-studio-martinique\/\" \/>\n<meta property=\"og:locale\" content=\"en_US\" \/>\n<meta property=\"og:type\" content=\"article\" \/>\n<meta property=\"og:title\" content=\"Studio rental in Martinique - katleya.fr\" \/>\n<meta property=\"og:description\" content=\"[vc_row type=&quot;in_container&quot; full_screen_row_position=&quot;middle&quot; column_margin=&quot;default&quot; column_direction=&quot;default&quot; column_direction_tablet=&quot;default&quot; column_direction_phone=&quot;default&quot; scene_position=&quot;center&quot; bottom_margin_phone=&quot;0&quot; text_color=&quot;dark&quot; text_align=&quot;left&quot; row_border_radius=&quot;none&quot; row_border_radius_applies=&quot;bg&quot; overflow=&quot;visible&quot; class=&quot;fancy-list&quot; overlay_strength=&quot;0.3&quot; gradient_direction=&quot;left_to_right&quot; shape_divider_position=&quot;bottom&quot; bg_image_animation=&quot;none&quot; gradient_type=&quot;default&quot; shape_type=&quot;&quot;][vc_column column_padding=&quot;no-extra-padding&quot; column_padding_tablet=&quot;inherit&quot; column_padding_phone=&quot;inherit&quot; column_padding_position=&quot;left-right&quot; column_element_direction_desktop=&quot;default&quot; column_element_spacing=&quot;default&quot; desktop_text_alignment=&quot;default&quot; tablet_text_alignment=&quot;default&quot; phone_text_alignment=&quot;default&quot;...\" \/>\n<meta property=\"og:url\" content=\"https:\/\/katleya.fr\/location\/location-studio-martinique\/\" \/>\n<meta property=\"og:site_name\" content=\"katleya.fr\" \/>\n<meta property=\"article:modified_time\" content=\"2023-12-21T14:43:44+00:00\" \/>\n<meta property=\"og:image\" content=\"https:\/\/katleya.fr\/wp-content\/uploads\/2023\/12\/Location-studio-Martinique-La-terrasse-2.jpg\" \/>\n\t<meta property=\"og:image:width\" content=\"1920\" \/>\n\t<meta property=\"og:image:height\" content=\"1062\" \/>\n\t<meta property=\"og:image:type\" content=\"image\/jpeg\" \/>\n<meta name=\"twitter:card\" content=\"summary_large_image\" \/>\n<meta name=\"twitter:label1\" content=\"Est. reading time\" \/>\n\t<meta name=\"twitter:data1\" content=\"6 minutes\" \/>\n<!-- \/ Yoast SEO plugin. -->","yoast_head_json":{"title":"Studio rental in Martinique - katleya.fr","robots":{"index":"index","follow":"follow","max-snippet":"max-snippet:-1","max-image-preview":"max-image-preview:large","max-video-preview":"max-video-preview:-1"},"canonical":"https:\/\/katleya.fr\/location\/location-studio-martinique\/","og_locale":"en_US","og_type":"article","og_title":"Studio rental in Martinique - katleya.fr","og_description":"[vc_row type=\"in_container\" full_screen_row_position=\"middle\" column_margin=\"default\" column_direction=\"default\" column_direction_tablet=\"default\" column_direction_phone=\"default\" scene_position=\"center\" bottom_margin_phone=\"0\" text_color=\"dark\" text_align=\"left\" row_border_radius=\"none\" row_border_radius_applies=\"bg\" overflow=\"visible\" class=\"fancy-list\" overlay_strength=\"0.3\" gradient_direction=\"left_to_right\" shape_divider_position=\"bottom\" bg_image_animation=\"none\" gradient_type=\"default\" shape_type=\"\"][vc_column column_padding=\"no-extra-padding\" column_padding_tablet=\"inherit\" column_padding_phone=\"inherit\" column_padding_position=\"left-right\" column_element_direction_desktop=\"default\" column_element_spacing=\"default\" desktop_text_alignment=\"default\" tablet_text_alignment=\"default\" phone_text_alignment=\"default\"...","og_url":"https:\/\/katleya.fr\/location\/location-studio-martinique\/","og_site_name":"katleya.fr","article_modified_time":"2023-12-21T14:43:44+00:00","og_image":[{"width":1920,"height":1062,"url":"https:\/\/katleya.fr\/wp-content\/uploads\/2023\/12\/Location-studio-Martinique-La-terrasse-2.jpg","type":"image\/jpeg"}],"twitter_card":"summary_large_image","twitter_misc":{"Est. reading time":"6 minutes"},"schema":{"@context":"https:\/\/schema.org","@graph":[{"@type":"WebPage","@id":"https:\/\/katleya.fr\/location\/location-studio-martinique\/","url":"https:\/\/katleya.fr\/location\/location-studio-martinique\/","name":"Studio rental in Martinique - katleya.fr","isPartOf":{"@id":"https:\/\/katleya.fr\/#website"},"primaryImageOfPage":{"@id":"https:\/\/katleya.fr\/location\/location-studio-martinique\/#primaryimage"},"image":{"@id":"https:\/\/katleya.fr\/location\/location-studio-martinique\/#primaryimage"},"thumbnailUrl":"https:\/\/katleya.fr\/wp-content\/uploads\/2023\/12\/Location-studio-Martinique-La-terrasse-2.jpg","datePublished":"2023-12-15T17:09:58+00:00","dateModified":"2023-12-21T14:43:44+00:00","breadcrumb":{"@id":"https:\/\/katleya.fr\/location\/location-studio-martinique\/#breadcrumb"},"inLanguage":"en-US","potentialAction":[{"@type":"ReadAction","target":["https:\/\/katleya.fr\/location\/location-studio-martinique\/"]}]},{"@type":"ImageObject","inLanguage":"en-US","@id":"https:\/\/katleya.fr\/location\/location-studio-martinique\/#primaryimage","url":"https:\/\/katleya.fr\/wp-content\/uploads\/2023\/12\/Location-studio-Martinique-La-terrasse-2.jpg","contentUrl":"https:\/\/katleya.fr\/wp-content\/uploads\/2023\/12\/Location-studio-Martinique-La-terrasse-2.jpg","width":1920,"height":1062},{"@type":"BreadcrumbList","@id":"https:\/\/katleya.fr\/location\/location-studio-martinique\/#breadcrumb","itemListElement":[{"@type":"ListItem","position":1,"name":"Home","item":"https:\/\/katleya.fr\/en\/"},{"@type":"ListItem","position":2,"name":"Boutique","item":"https:\/\/katleya.fr\/boutique\/"},{"@type":"ListItem","position":3,"name":"Studio rental in Martinique"}]},{"@type":"WebSite","@id":"https:\/\/katleya.fr\/#website","url":"https:\/\/katleya.fr\/","name":"katleya.fr","description":"","potentialAction":[{"@type":"SearchAction","target":{"@type":"EntryPoint","urlTemplate":"https:\/\/katleya.fr\/?s={search_term_string}"},"query-input":{"@type":"PropertyValueSpecification","valueRequired":true,"valueName":"search_term_string"}}],"inLanguage":"en-US"}]}},"_links":{"self":[{"href":"https:\/\/katleya.fr\/en\/wp-json\/wp\/v2\/product\/2592","targetHints":{"allow":["GET"]}}],"collection":[{"href":"https:\/\/katleya.fr\/en\/wp-json\/wp\/v2\/product"}],"about":[{"href":"https:\/\/katleya.fr\/en\/wp-json\/wp\/v2\/types\/product"}],"wp:featuredmedia":[{"embeddable":true,"href":"https:\/\/katleya.fr\/en\/wp-json\/wp\/v2\/media\/2565"}],"wp:attachment":[{"href":"https:\/\/katleya.fr\/en\/wp-json\/wp\/v2\/media?parent=2592"}],"wp:term":[{"taxonomy":"product_brand","embeddable":true,"href":"https:\/\/katleya.fr\/en\/wp-json\/wp\/v2\/product_brand?post=2592"},{"taxonomy":"product_cat","embeddable":true,"href":"https:\/\/katleya.fr\/en\/wp-json\/wp\/v2\/product_cat?post=2592"},{"taxonomy":"product_tag","embeddable":true,"href":"https:\/\/katleya.fr\/en\/wp-json\/wp\/v2\/product_tag?post=2592"}],"curies":[{"name":"wp","href":"https:\/\/api.w.org\/{rel}","templated":true}]}}